{"id":1195,"date":"2021-02-18T14:59:24","date_gmt":"2021-02-18T13:59:24","guid":{"rendered":"https:\/\/www.sbnsanbonaventura.it\/?page_id=1195"},"modified":"2023-05-31T00:59:25","modified_gmt":"2023-05-30T22:59:25","slug":"sistema-bibliotecario-nazionale-san-bonaventura","status":"publish","type":"page","link":"https:\/\/www.sbsanbonaventura.it\/?page_id=1195","title":{"rendered":"Sistema Bibliotecario San Bonaventura"},"content":{"rendered":"<p>[et_pb_section fb_built=&#8221;1&#8243; _builder_version=&#8221;4.7.1&#8243; _module_preset=&#8221;default&#8221;][et_pb_row _builder_version=&#8221;4.7.1&#8243; _module_preset=&#8221;default&#8221;][et_pb_column type=&#8221;4_4&#8243; _builder_version=&#8221;4.7.1&#8243; _module_preset=&#8221;default&#8221;][et_pb_post_title meta=&#8221;off&#8221; _builder_version=&#8221;4.7.1&#8243; _module_preset=&#8221;default&#8221; hover_enabled=&#8221;0&#8243; sticky_enabled=&#8221;0&#8243;][\/et_pb_post_title][\/et_pb_column][\/et_pb_row][et_pb_row _builder_version=&#8221;4.7.1&#8243; _module_preset=&#8221;default&#8221;][et_pb_column type=&#8221;4_4&#8243; _builder_version=&#8221;4.7.1&#8243; _module_preset=&#8221;default&#8221;][et_pb_text _builder_version=&#8221;4.7.1&#8243; _module_preset=&#8221;default&#8221; hover_enabled=&#8221;0&#8243; sticky_enabled=&#8221;0&#8243;]<\/p>\n<p style=\"margin: 0cm; text-align: justify; background: white; vertical-align: baseline;\"><span style=\"font-family: 'Arial',sans-serif; color: #222222;\">Il \u201cSistema Bibliotecario San Bonaventura\u201d appartenente alla Fondazione San Bonaventura ha sede principale presso la Biblioteca Fra Landolfo Caracciolo in Napoli. <\/span><span style=\"color: #222222; font-family: Arial, sans-serif;\">E\u2019 costituito per promuovere e sviluppare forme di cooperazione a livello interregionale tra le biblioteche aderenti, garantendo la condivisione di risorse e professionalit\u00e0 oltre che la sostenibilit\u00e0 ed omogeneit\u00e0 dei servizi erogati tra le biblioteche aderenti.<\/span><\/p>\n<p style=\"margin: 0cm; text-align: justify; background: white; vertical-align: baseline;\"><span style=\"font-family: 'Arial',sans-serif; color: #222222;\">Oltre alle biblioteche vi aderiscono anche alcuni archivi e istituzioni museali.<\/span><\/p>\n<p style=\"margin: 0cm; text-align: justify; background: white; vertical-align: baseline;\"><span style=\"font-family: 'Arial',sans-serif; color: #222222;\">Le istituzioni aderenti:<\/span><\/p>\n<h4>\u00a0<\/h4>\n<h4><strong>Diocesi<\/strong><\/h4>\n<ul>\n<li><a href=\"\/?project=biblioteca-diocesana-alife-caiazzo-ce\">Diocesana Alife &#8211; Caiazzo<\/a><\/li>\n<li><a href=\"\/?project=biblioteca-diocesana-ariano-irpino-av\">Diocesana Ariano Irpino &#8211; Lacedonia<\/a><\/li>\n<li><a href=\"https:\/\/www.sbsanbonaventura.it\/?project=biblioteca-diocesana-nocera-inferiore-sarno-sa\">Diocesana Nocera Inferiore &#8211; Sarno<\/a><\/li>\n<li><a href=\"https:\/\/www.sbsanbonaventura.it\/?project=biblioteca-diocesana-nola-na\">Diocesana Nola<\/a><\/li>\n<li><a href=\"https:\/\/www.sbsanbonaventura.it\/?project=biblioteca-del-seminario-arcivescovile-in-napoli\">Biblioteca del Seminario Arcivescovile in Napoli<\/a><\/li>\n<li><a href=\"https:\/\/www.sbsanbonaventura.it\/?project=biblioteca-diocesana-san-bonaventura\">Biblioteca diocesana San Bonaventura<\/a><\/li>\n<\/ul>\n<h4>Provincia di Napoli Ordine Frati Minori Conventuali<\/h4>\n<ul>\n<li><a href=\"https:\/\/www.sbsanbonaventura.it\/?project=biblioteca-fra-landolfo-caracciolo-napoli\">Fra Landolfo Caracciolo in Napoli<\/a><\/li>\n<li><a href=\"https:\/\/www.sbsanbonaventura.it\/?project=biblioteca-san-francesco-alla-dogana-benevento\">San Francesco alla Dogana in Benevento<\/a><\/li>\n<li><a href=\"https:\/\/www.sbsanbonaventura.it\/?project=biblioteca-san-francesco-a-folloni-montella-av\">San Francesco a Folloni in Montella<\/a><\/li>\n<li><a href=\"https:\/\/www.sbsanbonaventura.it\/?project=biblioteca-santantonio-dottore-nocera-sa\">Sant&#8217;Antonio dottore in Nocera Inferiore<\/a><\/li>\n<li><a href=\"https:\/\/www.sbsanbonaventura.it\/?project=biblioteca-santantonio-portici-na\">Sant&#8217;Antonio in Portici<\/a><\/li>\n<li><a href=\"https:\/\/www.sbsanbonaventura.it\/?project=biblioteca-del-seminario-di-santantonio-santanastasia-na\">Seminario di Sant\u2019Antonio in Sant&#8217;Anastasia<\/a><\/li>\n<li><a href=\"https:\/\/www.sbsanbonaventura.it\/?project=biblioteca-del-convento-di-santantonio-melfi\">Biblioteca del Convento di Sant\u2019Antonio in Melfi<\/a><\/li>\n<li><a href=\"https:\/\/www.sbsanbonaventura.it\/?project=biblioteca-s-francesco-ravello\">Biblioteca S. Francesco in Ravello<\/a><\/li>\n<\/ul>\n<h4>Biblioteche delle Figlie di Maria Ausiliatrice e Salesiane<\/h4>\n<ul>\n<li><a href=\"https:\/\/www.sbsanbonaventura.it\/?project=biblioteca-salesiana-sacro-cuore-napoli\">Salesiana Sacro Cuore in Napoli<\/a><\/li>\n<li><a href=\"https:\/\/www.sbsanbonaventura.it\/?project=biblioteca-salesiana-maria-ausiliatrice-napoli\">Suore di Maria Ausiliatrice in Napoli<\/a><\/li>\n<li><a href=\"https:\/\/www.sbsanbonaventura.it\/?project=biblioteca-istituto-salesiano-sacro-cuore-di-maria-caserta\">Sacro Cuore di Maria in Caserta<\/a><\/li>\n<li><a href=\"https:\/\/www.sbsanbonaventura.it\/?project=biblioteca-don-bosco-soverato-cz\">Don Bosco in Soverato<\/a><\/li>\n<li><a href=\"https:\/\/www.sbsanbonaventura.it\/?project=biblioteca-salesiana-maria-ausiliatrice-soverato\">Salesiana di Maria Ausiliatrice in Soverato<\/a><\/li>\n<li><a href=\"https:\/\/www.sbsanbonaventura.it\/?project=biblioteca-san-giovanni-bosco-messina\">Biblioteca San Giovanni Bosco in Messina<\/a><\/li>\n<li><a href=\"https:\/\/www.sbsanbonaventura.it\/?project=biblioteca-dellistituto-maria-ausiliatrice-catania\">Biblioteca dell\u2019Istituto Maria Ausiliatrice in Catania<\/a><\/li>\n<\/ul>\n<h4>Ordine Frati Minimi di San Francesco da Paola<\/h4>\n<ul>\n<li><a href=\"https:\/\/www.sbsanbonaventura.it\/?project=biblioteca-del-convento-di-santa-maria-della-stella-napoli\">Convento di Santa Maria della Stella in Napoli<\/a><\/li>\n<li><a href=\"https:\/\/www.sbsanbonaventura.it\/?project=biblioteca-santa-maria-di-pozzano-castellammare-di-stabia-na\">Santa Maria di Pozzano in Castellammare di Stabia<\/a><\/li>\n<li><a href=\"https:\/\/www.sbsanbonaventura.it\/?project=biblioteca-del-convento-san-francesco-da-paola-massa-lubrense-na\">Convento San Francesco da Paola in Massa Lubrense<\/a><\/li>\n<li><a href=\"https:\/\/www.sbsanbonaventura.it\/?project=biblioteca-del-convento-di-san-vito-vico-equense\">Convento di San Vito in Vico Equense<\/a><\/li>\n<li><a href=\"https:\/\/www.sbsanbonaventura.it\/?project=biblioteca-prof-giuseppe-lazzaro-in-salerno\">Biblioteca Prof. Giuseppe Lazzaro in Salerno<\/a><\/li>\n<li><a href=\"https:\/\/www.sbsanbonaventura.it\/?project=biblioteca-del-santuario-di-san-francesco-di-paola-in-milazzo-me\">Biblioteca del Santuario di San Francesco di Paola in Milazzo<\/a><\/li>\n<li><a href=\"https:\/\/www.sbsanbonaventura.it\/?project=biblioteca-del-convento-di-santoliva-in-palermo\">Biblioteca del convento di Sant\u2019Oliva in Palermo<\/a><\/li>\n<\/ul>\n<h4>Missionari Oblati di Maria Immacolata<\/h4>\n<ul>\n<li><a href=\"https:\/\/www.sbsanbonaventura.it\/?project=biblioteca-santeugenio-de-mazenod-santa-maria-a-vico-ce\">Sant&#8217;Eugenio de Mazenod in Santa Maria a Vico<\/a><\/li>\n<li><a href=\"https:\/\/www.sbsanbonaventura.it\/?project=biblioteca-sant-eugenio-de-mazenod-palermo\">Sant&#8217;Eugenio de Mazenod in Palermo<\/a><\/li>\n<li><a href=\"https:\/\/www.sbsanbonaventura.it\/?project=biblioteca-santeugenio-de-mazenod-pescara\">Sant&#8217;Eugenio de Mazenod in Pescara<\/a><\/li>\n<li><a href=\"https:\/\/www.sbsanbonaventura.it\/?project=biblioteca-santeugenio-de-mazenod-roma\">Sant&#8217;Eugenio de Mazenod in Roma<\/a><\/li>\n<\/ul>\n<h4>Enti Religiosi vari<\/h4>\n<ul>\n<li><a href=\"https:\/\/www.sbsanbonaventura.it\/?project=biblioteca-santantonio-dei-frati-minori-di-calabria-e-basilicata-in-rende\">Sant&#8217;Antonio dei Frati Minori di Calabria e Basilicata in Rende<\/a><\/li>\n<li><a href=\"https:\/\/www.sbsanbonaventura.it\/?project=biblioteca-santantonio-terranova-da-sibari-cosenza\">Biblioteca Sant\u2019Antonio in Terranova da Sibari<\/a><\/li>\n<li><a href=\"https:\/\/www.sbsanbonaventura.it\/?project=biblioteca-missionari-della-divina-redenzione-in-visciano\">Missionari della Divina Redenzione in Visciano<\/a><\/li>\n<li><a href=\"https:\/\/www.sbsanbonaventura.it\/?project=biblioteca-padre-arturo-donofrio-marino-roma\">Biblioteca Padre Arturo D\u2019Onofrio in Marino<\/a><\/li>\n<li><a href=\"https:\/\/www.sbsanbonaventura.it\/?project=biblioteca-comunita-di-ruviano\">Comunit\u00e0 di Ruviano<\/a><\/li>\n<li><a href=\"https:\/\/www.sbsanbonaventura.it\/?project=biblioteca-parrocchiale-cossyra-pantelleria\">Parrocchiale Cossyra in Pantelleria<\/a><\/li>\n<\/ul>\n<p>[\/et_pb_text][\/et_pb_column][\/et_pb_row][\/et_pb_section]<\/p>\n","protected":false},"excerpt":{"rendered":"<p>[et_pb_section fb_built=&#8221;1&#8243; _builder_version=&#8221;4.7.1&#8243; _module_preset=&#8221;default&#8221;][et_pb_row _builder_version=&#8221;4.7.1&#8243; _module_preset=&#8221;default&#8221;][et_pb_column type=&#8221;4_4&#8243; _builder_version=&#8221;4.7.1&#8243; _module_preset=&#8221;default&#8221;][et_pb_post_title meta=&#8221;off&#8221; _builder_version=&#8221;4.7.1&#8243; _module_preset=&#8221;default&#8221; hover_enabled=&#8221;0&#8243; sticky_enabled=&#8221;0&#8243;][\/et_pb_post_title][\/et_pb_column][\/et_pb_row][et_pb_row _builder_version=&#8221;4.7.1&#8243; _module_preset=&#8221;default&#8221;][et_pb_column type=&#8221;4_4&#8243; _builder_version=&#8221;4.7.1&#8243; _module_preset=&#8221;default&#8221;][et_pb_text _builder_version=&#8221;4.7.1&#8243; _module_preset=&#8221;default&#8221; hover_enabled=&#8221;0&#8243; sticky_enabled=&#8221;0&#8243;] Il \u201cSistema Bibliotecario San Bonaventura\u201d appartenente alla Fondazione San Bonaventura ha sede principale presso la Biblioteca Fra Landolfo Caracciolo in Napoli. E\u2019 costituito per promuovere e sviluppare forme di cooperazione a livello [&hellip;]<\/p>\n","protected":false},"author":1,"featured_media":0,"parent":0,"menu_order":0,"comment_status":"closed","ping_status":"closed","template":"","meta":{"_et_pb_use_builder":"on","_et_pb_old_content":"","_et_gb_content_width":""},"_links":{"self":[{"href":"https:\/\/www.sbsanbonaventura.it\/index.php?rest_route=\/wp\/v2\/pages\/1195"}],"collection":[{"href":"https:\/\/www.sbsanbonaventura.it\/index.php?rest_route=\/wp\/v2\/pages"}],"about":[{"href":"https:\/\/www.sbsanbonaventura.it\/index.php?rest_route=\/wp\/v2\/types\/page"}],"author":[{"embeddable":true,"href":"https:\/\/www.sbsanbonaventura.it\/index.php?rest_route=\/wp\/v2\/users\/1"}],"replies":[{"embeddable":true,"href":"https:\/\/www.sbsanbonaventura.it\/index.php?rest_route=%2Fwp%2Fv2%2Fcomments&post=1195"}],"version-history":[{"count":15,"href":"https:\/\/www.sbsanbonaventura.it\/index.php?rest_route=\/wp\/v2\/pages\/1195\/revisions"}],"predecessor-version":[{"id":1753,"href":"https:\/\/www.sbsanbonaventura.it\/index.php?rest_route=\/wp\/v2\/pages\/1195\/revisions\/1753"}],"wp:attachment":[{"href":"https:\/\/www.sbsanbonaventura.it\/index.php?rest_route=%2Fwp%2Fv2%2Fmedia&parent=1195"}],"curies":[{"name":"wp","href":"https:\/\/api.w.org\/{rel}","templated":true}]}}